{"id":1877,"date":"2026-03-02T14:29:56","date_gmt":"2026-03-02T13:29:56","guid":{"rendered":"https:\/\/esprelit.web.uah.es\/?page_id=1877"},"modified":"2026-04-28T13:41:02","modified_gmt":"2026-04-28T11:41:02","slug":"conferencias-plenarias","status":"publish","type":"page","link":"https:\/\/esprelit.web.uah.es\/index.php\/conferencias-plenarias\/","title":{"rendered":"Conferencias plenarias"},"content":{"rendered":"<div style=\"clear:both;\"><\/div>\n\n\n<div class=\"wp-block-group alignwide &lt;style&gt; @media (max-width: 600px) {  .wp-block-image.alignleft float: none !important; margin: 0 auto display: block } &lt;\/style&gt; has-global-padding is-content-justification-center is-layout-constrained wp-block-group-is-layout-constrained\">\n<h4 class=\"wp-block-heading alignwide has-xx-large-font-size\" style=\"line-height:1.2\"><strong>Conferencias plenarias<\/strong> del Congreso Internacional <em>Expuestas. Literatura entre vulnerabilidad, violencia y formas de vida precarias<\/em><\/h4>\n\n\n\n<hr class=\"wp-block-separator alignwide has-alpha-channel-opacity is-style-wide\"\/>\n\n\n\n<div style=\"height:57px\" aria-hidden=\"true\" class=\"wp-block-spacer\"><\/div>\n\n\n\n<h4 class=\"wp-block-heading\">Jirku, Brigitte <\/h4>\n\n\n\n<div style=\"height:0px\" aria-hidden=\"true\" class=\"wp-block-spacer\"><\/div>\n\n\n\n<figure class=\"wp-block-image alignleft size-full is-resized\"><img loading=\"lazy\" decoding=\"async\" width=\"206\" height=\"264\" src=\"https:\/\/esprelit.web.uah.es\/wp-content\/uploads\/2026\/03\/brigitte-jirku-foto.jpg\" alt=\"\" class=\"wp-image-1878\" style=\"aspect-ratio:0.780312232869933;width:267px;height:auto\"\/><\/figure>\n\n\n\n<style>\n@media (max-width: 600px) {\n    .wp-block-image.alignleft {\n        float: none !important;\n        margin: 0 auto !important;\n        display: block !important;\n    }\n}\n<\/style>\n\n\n\n<div class=\"wp-block-columns alignwide is-layout-flex wp-container-core-columns-is-layout-28f84493 wp-block-columns-is-layout-flex\">\n<div class=\"wp-block-column is-layout-flow wp-block-column-is-layout-flow\" style=\"flex-basis:100%\">\n<p class=\"has-text-align-left\">Brigitte Jirku. Catedr\u00e1tica de Universidad (Filolog\u00eda Alemana). Sus investigaciones se centran en el estudio del g\u00e9nero en relaci\u00f3n con los discursos del poder y la violencia, en los espacios literarios que exploran las memorias y posmemorias de la violencia colectiva en la literatura alemana contempor\u00e1nea. Miembro del grupo de investigaci\u00f3n <a href=\"https:\/\/repercrirg.com\/es\/portada\/\" data-type=\"link\" data-id=\"https:\/\/repercrirg.com\/es\/portada\/\">REPERCRI<\/a>.<\/p>\n\n\n\n<p class=\"has-text-align-left\">Brigitte Jirku. Professorin am Germanistischen Institut der Universitat de Val\u00e8ncia. Ihre Forschungsschwerpunkte liegen auf der Untersuchung von Gender in Bezug auf Macht- und Gewaltdiskurse sowie von literarischen Erinnerungs- und Postmemory-R\u00e4umen kollektiver Gewalt in der zeitgen\u00f6ssischen deutschsprachigen Literatur. U.a. Mitglied der Forschungsgruppe <a href=\"https:\/\/repercrirg.com\/es\/portada\/\" data-type=\"link\" data-id=\"https:\/\/repercrirg.com\/es\/portada\/\">REPERCRI<\/a>.<\/p>\n<\/div>\n<\/div>\n\n\n\n<hr class=\"wp-block-separator alignwide has-alpha-channel-opacity is-style-dots\"\/>\n\n\n\n<p class=\"has-text-align-left\"><strong>Publicaciones recientes \/ Zuletzt erschienen:<\/strong><\/p>\n\n\n\n<div class=\"wp-block-group alignwide is-nowrap is-layout-flex wp-container-core-group-is-layout-cd9ab148 wp-block-group-is-layout-flex\">\n<div class=\"wp-block-columns is-layout-flex wp-container-core-columns-is-layout-28f84493 wp-block-columns-is-layout-flex\">\n<div class=\"wp-block-column is-layout-flow wp-block-column-is-layout-flow\" style=\"flex-basis:100%\">\n\n\n<div class=\"wp-block-group has-global-padding is-layout-constrained wp-container-core-group-is-layout-e0082cf6 wp-block-group-is-layout-constrained\">\n\n    <!-- PUBLICACI\u00d3N 1 -->\n    \n<div class=\"wp-block-group is-nowrap is-layout-flex wp-container-core-group-is-layout-9bd231a2 wp-block-group-is-layout-flex\" style=\"display:flex;align-items:center;gap:var(--wp--preset--spacing--10);\">\n\n<figure class=\"wp-block-image size-full is-resized\">\n<a href=\"https:\/\/repercrirg.com\/wp-content\/uploads\/2025\/03\/Jirku_Terezin_Grenzen-des-Darstellbaren.pdf\" target=\"_blank\" rel=\"noopener\">\n<div style=\"width:120px; height:160px; overflow:hidden; display:flex; align-items:center; justify-content:center;\">\n<img decoding=\"async\" src=\"https:\/\/esprelit.web.uah.es\/wp-content\/uploads\/2026\/03\/Brigitte-jirku-1-edited-e1772644419954.jpg\" style=\"width:100%; height:auto;\"\/>\n<\/div>\n<\/a>\n <\/figure>\n \n\n\n <p style=\"max-width:550px;\">\nDiese Tage in Terez\u00edn \u2013 An den Grenzen des \u201aDarstellbaren\u2018. In: <em>Postmemory und die Transformation der deutschen Erinnerungskultur<\/em>. Berlin: De Gruyter 2024, 135\u2013150.<\/p>\n\n <\/div>\n\n\n<!-- PUBLICACI\u00d3N 2 -->\n \n    <div class=\"wp-block-group is-nowrap is-layout-flex wp-container-core-group-is-layout-9bd231a2 wp-block-group-is-layout-flex\" style=\"display:flex;align-items:center;gap:var(--wp--preset--spacing--10);\">\n\n<figure class=\"wp-block-image size-full is-resized\">\n<a href=\"https:\/\/www.peterlang.com\/document\/1503467\" target=\"_blank\" rel=\"noopener\">\n<div style=\"width:120px; height:160px; overflow:hidden; display:flex; align-items:center; justify-content:center;\">\n <img decoding=\"async\" src=\"https:\/\/esprelit.web.uah.es\/wp-content\/uploads\/2026\/03\/Brigitte-Jirku-2-1-3-edited-e1772645106850.jpg\" style=\"width:100%; height:auto;\"\/>\n<\/div>\n<\/a>\n<\/figure>\n \n\n\n<p style=\"max-width:550px;\">\nLebendige Erinnerung \u2013 Archiv DDR. In: <em>Beitr\u00e4ge zu Literatur, Kunst und Medien<\/em>, Hrsg. mit Juliane Fehlig. Berlin: Peter Lang, 2025.<\/p>\n\n<\/div>\n\n\n\n<!-- PUBLICACI\u00d3N 3 -->\n\n<div class=\"wp-block-group is-nowrap is-layout-flex wp-container-core-group-is-layout-9bd231a2 wp-block-group-is-layout-flex\" style=\"display:flex;align-items:center;gap:var(--wp--preset--spacing--10);\">\n\n<figure class=\"wp-block-image size-full is-resized\">\n<a href=\"https:\/\/www.ifvjelinek.at\/veroeffentlichungen\/publikationsreihe-diskursekontexteimpulse\/sprache-gewalt-2025\/\" target=\"_blank\" rel=\"noopener\">\n<div style=\"width:120px; height:160px; overflow:hidden; display:flex; align-items:center; justify-content:center;\">\n<img decoding=\"async\" src=\"https:\/\/esprelit.web.uah.es\/wp-content\/uploads\/2026\/03\/csm_Cover_Janke_29_2cad6969e0-e1772645342608.jpg\" style=\"width:100%; height:auto;\"\/>\n<\/div>\n<\/a>\n<\/figure>\n\n\n \n   <p style=\"max-width:550px;\">\nGeschlechterbedingte Gewaltverh\u00e4ltnisse im Kontext des Rechtspopulismus in <em>Das schweigende M\u00e4dchen<\/em>. In: <em>Sprache &amp; Gewalt. Multiperspektivische Zug\u00e4nge<\/em>. Wien: Praesens 2025, 100\u2013117.<\/p>\n\n<\/div>\n\n\n<\/div>\n\n\n\n<\/div>\n<\/div>\n<\/div>\n\n\n\n<div class=\"wp-block-group is-nowrap is-layout-flex wp-container-core-group-is-layout-6c531013 wp-block-group-is-layout-flex\">\n<div style=\"height:24px;width:0px\" aria-hidden=\"true\" class=\"wp-block-spacer wp-container-content-541a6b20\"><\/div>\n<\/div>\n\n\n\n<figure class=\"wp-block-image alignleft size-full is-resized\"><img loading=\"lazy\" decoding=\"async\" width=\"206\" height=\"309\" src=\"https:\/\/esprelit.web.uah.es\/wp-content\/uploads\/2026\/03\/036-2-2.jpg\" alt=\"\" class=\"wp-image-1912\" style=\"width:288px;height:auto\" srcset=\"https:\/\/esprelit.web.uah.es\/wp-content\/uploads\/2026\/03\/036-2-2.jpg 206w, https:\/\/esprelit.web.uah.es\/wp-content\/uploads\/2026\/03\/036-2-2-200x300.jpg 200w\" sizes=\"auto, (max-width: 206px) 100vw, 206px\" \/><figcaption class=\"wp-element-caption\">\u00a9 \u00d6AW \/ Elia Zilberberg<\/figcaption><\/figure>\n\n\n\n<hr class=\"wp-block-separator alignwide has-alpha-channel-opacity is-style-wide\"\/>\n\n\n\n<h4 class=\"wp-block-heading\">Wiebke, Sievers<\/h4>\n<\/div>\n<!-- \/wp:post-content -->\n\n<!-- wp:columns {\"align\":\"wide\"} -->\n<div class=\"wp-block-columns alignwide\"><!-- wp:column {\"verticalAlignment\":\"center\",\"width\":\"100%\"} -->\n<div class=\"wp-block-column is-vertically-aligned-center\" style=\"flex-basis:100%\"><!-- wp:paragraph -->\n<p>Wiebke Sievers ist seit 2003 als Migrationsforscherin an der \u00d6sterreichischen Akademie der Wissenschaften t\u00e4tig. Seit 2013 ist sie zudem Gastwissenschaftlerin und -dozentin am <a href=\"http:\/\/Wiebke Sievers ist seit 2003 als Migrationsforscherin an der \u00d6sterreichischen Akademie der Wissenschaften t\u00e4tig. Seit 2013 ist sie zudem Gastwissenschaftlerin und -dozentin am Lehrstuhl f\u00fcr deutsch-j\u00fcdische Literatur- und Kulturgeschichte, Exil und Migration der Europa-Universit\u00e4t Viadrina, Frankfurt\/Oder. Zuvor lehrte sie bereits an der Universit\u00e4t Wien, der University of Nottingham und der Universit\u00e4t D\u00fcsseldorf.\">Lehrstuhl f\u00fcr deutsch-j\u00fcdische Literatur- und Kulturgeschichte, Exil und Migration der Europa-Universit\u00e4t<\/a> Viadrina, Frankfurt\/Oder. Zuvor lehrte sie bereits an der Universit\u00e4t Wien, der University of Nottingham und der Universit\u00e4t D\u00fcsseldorf.<\/p>\n<!-- \/wp:paragraph -->\n\n<!-- wp:paragraph {\"className\":\"has-text-align-left\"} -->\n<p class=\"has-text-align-left\">Nach ihrem Studium im Fach Literatur\u00fcbersetzen an der Heinrich-Heine-Universit\u00e4t in D\u00fcsseldorf und der Universit\u00e9 Stendhal in Grenoble promovierte sie zur <a href=\"https:\/\/mellenpress.com\/author\/wiebke-sievers\/6344\/\">\u00dcbersetzung deutscher Gegenwartsliteratur in Gro\u00dfbritannien und Frankreich<\/a> an der University of Warwick. Sie habilitierte sich an der Europa-Universit\u00e4t Viadrina in Frankfurt\/Oder. Ihre Habilitationsschrift wurde 2024 bei Transcript unter dem Titel <a href=\"https:\/\/www.transcript-verlag.de\/detail\/index\/sArticle\/6931\">Postmigrantische Literaturgeschichte: Von der Ausgrenzung bis zum Kampf um gesellschaftliche Ver\u00e4nderung<\/a> ver\u00f6ffentlicht.<\/p>\n<!-- \/wp:paragraph -->\n\n<!-- wp:separator {\"className\":\"is-style-dots\"} -->\n<hr class=\"wp-block-separator has-alpha-channel-opacity is-style-dots\"\/>\n<!-- \/wp:separator -->\n\n<!-- wp:paragraph -->\n<p><strong>Publicaciones recientes \/ Zuletzt erschienen<\/strong>:<\/p>\n<!-- \/wp:paragraph -->\n\n<!-- wp:html -->\n<div style=\"clear:both;\"><\/div>\n<!-- \/wp:html -->\n\n<!-- wp:columns -->\n<div class=\"wp-block-columns\"><!-- wp:column {\"width\":\"100%\"} -->\n<div class=\"wp-block-column\" style=\"flex-basis:100%\"><!-- wp:html -->\n<!-- wp:html \/-->\n<!-- wp:group {\"style\":{\"spacing\":{\"blockGap\":\"var:preset|spacing|20\"}},\"layout\":{\"type\":\"constrained\"}} -->\n<div class=\"wp-block-group\">\n\n <!-- PUBLICACI\u00d3N 1 -->\n    <!-- wp:group {\"layout\":{\"type\":\"flex\",\"flexWrap\":\"nowrap\",\"verticalAlignment\":\"top\"},\"style\":{\"spacing\":{\"blockGap\":\"var:preset|spacing|10\"}}} -->\n<div class=\"wp-block-group\" style=\"display:flex;align-items:center;gap:var(--wp--preset--spacing--10);\">\n<!-- wp:image {\"id\":1899,\"sizeSlug\":\"full\",\"linkDestination\":\"none\",\"width\":\"110px\"} -->\n<figure class=\"wp-block-image size-full is-resized\">\n<a href=\"https:\/\/www.ssoar.info\/ssoar\/bitstream\/handle\/document\/98779\/ssoar-2024-sievers-Postmigrantische_Literaturgeschichte_Von_der_Ausgrenzung.pdf?sequence=1\" target=\"_blank\" rel=\"noopener\">\n<div style=\"width:120px; height:160px; overflow:hidden; display:flex; align-items:center; justify-content:center;\">\n<img decoding=\"async\" src=\"https:\/\/esprelit.web.uah.es\/wp-content\/uploads\/2026\/03\/Brigitte-jirku-1-edited-e1772644419954.jpg\" style=\"width:100%; height:auto;\"\/>\n<\/div>\n<\/a>\n <\/figure>\n <!-- \/wp:image -->\n\n<!-- wp:paragraph -->\n <p style=\"max-width:550px;\">\nPostmigrantische Literaturgeschichte: Von der Ausgrenzung bis zum Kampf um gesellschaftliche Ver\u00e4nderung. Reihe: Postmigrantische Studien, hrsg. von Marc Hill und Erol Yildiz. Bielefeld: transcript, 2024.<\/p>\n<!-- \/wp:paragraph -->\n <\/div>\n<!-- \/wp:group -->\n\n<!-- PUBLICACI\u00d3N 2 -->\n <!-- wp:group {\"layout\":{\"type\":\"flex\",\"flexWrap\":\"nowrap\",\"verticalAlignment\":\"top\"},\"style\":{\"spacing\":{\"blockGap\":\"var:preset|spacing|10\"}}} -->\n    <div class=\"wp-block-group\" style=\"display:flex;align-items:center;gap:var(--wp--preset--spacing--10);\">\n<!-- wp:image {\"id\":1898,\"sizeSlug\":\"full\",\"linkDestination\":\"none\",\"width\":\"110px\"} -->\n<figure class=\"wp-block-image size-full is-resized\">\n<a href=\"https:\/\/link.springer.com\/book\/10.1007\/978-3-031-39900-8\" target=\"_blank\" rel=\"noopener\">\n<div style=\"width:120px; height:160px; overflow:hidden; display:flex; align-items:center; justify-content:center;\">\n <img decoding=\"async\" src=\"https:\/\/esprelit.web.uah.es\/wp-content\/uploads\/2026\/03\/Brigitte-Jirku-2-1-3-edited-e1772645106850.jpg\" style=\"width:100%; height:auto;\"\/>\n<\/div>\n<\/a>\n<\/figure>\n <!-- \/wp:image -->\n\n<!-- wp:paragraph -->\n<p style=\"max-width:550px;\">\nCultural Change in Post-Migrant Societies: Re-Imagining Communities Through Arts and Cultural Activities. IMISCOE Series. Springer, 2024.<\/p>\n<!-- \/wp:paragraph -->\n<\/div>\n<!-- \/wp:group -->\n\n\n<!-- PUBLICACI\u00d3N 3 -->\n<!-- wp:group {\"layout\":{\"type\":\"flex\",\"flexWrap\":\"nowrap\",\"verticalAlignment\":\"top\"},\"style\":{\"spacing\":{\"blockGap\":\"var:preset|spacing|10\"}}} -->\n<div class=\"wp-block-group\" style=\"display:flex;align-items:center;gap:var(--wp--preset--spacing--10);\">\n<!-- wp:image {\"id\":1887,\"sizeSlug\":\"full\",\"linkDestination\":\"none\",\"width\":\"110px\"} -->\n<figure class=\"wp-block-image size-full is-resized\">\n<a href=\"https:\/\/link.springer.com\/article\/10.1186\/s40878-021-00249-x\" target=\"_blank\" rel=\"noopener\">\n<div style=\"width:120px; height:160px; overflow:hidden; display:flex; align-items:center; justify-content:center;\">\n<img decoding=\"async\" src=\"https:\/\/esprelit.web.uah.es\/wp-content\/uploads\/2026\/03\/csm_Cover_Janke_29_2cad6969e0-e1772645342608.jpg\" style=\"width:100%; height:auto;\"\/>\n<\/div>\n<\/a>\n<\/figure>\n<!-- \/wp:image -->\n\n <!-- wp:paragraph -->\n   <p style=\"max-width:550px;\">\nTowards equality: joining forces with arts and culture in the struggle for change in migration societies. In: <em> Comparative Migration Studies,<\/em> 9, 33 (2021).<\/p>\n<!-- \/wp:paragraph -->\n<\/div>\n<!-- \/wp:group -->\n\n<\/div>\n<!-- \/wp:group -->\n\n<!-- \/wp:html -->\n\n<!-- \/wp:column --><\/div>\n<!-- \/wp:columns --><\/div>\n<!-- \/wp:column --><\/div>\n<!-- \/wp:columns --><\/div>\n<!-- \/wp:columns -->\n\n<\/div>\n<p><!-- \/wp:post-content --><\/p>","protected":false},"excerpt":{"rendered":"<p>Conferencias plenarias del Congreso Internacional Expuestas. Literatura entre vulnerabilidad, violencia y formas de vida precarias Jirku, Brigitte Brigitte Jirku. Catedr\u00e1tica de Universidad (Filolog\u00eda Alemana). Sus investigaciones se centran en el estudio del g\u00e9nero en relaci\u00f3n con los discursos del poder y la violencia, en los espacios literarios que exploran las memorias y posmemorias de la [&hellip;]<\/p>\n","protected":false},"author":2,"featured_media":0,"parent":0,"menu_order":0,"comment_status":"closed","ping_status":"closed","template":"","meta":{"footnotes":""},"class_list":["post-1877","page","type-page","status-publish","hentry"],"_links":{"self":[{"href":"https:\/\/esprelit.web.uah.es\/index.php\/wp-json\/wp\/v2\/pages\/1877","targetHints":{"allow":["GET"]}}],"collection":[{"href":"https:\/\/esprelit.web.uah.es\/index.php\/wp-json\/wp\/v2\/pages"}],"about":[{"href":"https:\/\/esprelit.web.uah.es\/index.php\/wp-json\/wp\/v2\/types\/page"}],"author":[{"embeddable":true,"href":"https:\/\/esprelit.web.uah.es\/index.php\/wp-json\/wp\/v2\/users\/2"}],"replies":[{"embeddable":true,"href":"https:\/\/esprelit.web.uah.es\/index.php\/wp-json\/wp\/v2\/comments?post=1877"}],"version-history":[{"count":121,"href":"https:\/\/esprelit.web.uah.es\/index.php\/wp-json\/wp\/v2\/pages\/1877\/revisions"}],"predecessor-version":[{"id":2423,"href":"https:\/\/esprelit.web.uah.es\/index.php\/wp-json\/wp\/v2\/pages\/1877\/revisions\/2423"}],"wp:attachment":[{"href":"https:\/\/esprelit.web.uah.es\/index.php\/wp-json\/wp\/v2\/media?parent=1877"}],"curies":[{"name":"wp","href":"https:\/\/api.w.org\/{rel}","templated":true}]}}