{"id":183,"date":"2025-06-03T17:34:35","date_gmt":"2025-06-03T15:34:35","guid":{"rendered":"https:\/\/esprelit.web.uah.es\/wp\/?page_id=183"},"modified":"2026-01-12T18:57:52","modified_gmt":"2026-01-12T17:57:52","slug":"los-textos","status":"publish","type":"page","link":"https:\/\/esprelit.web.uah.es\/index.php\/los-textos\/","title":{"rendered":"Los textos"},"content":{"rendered":"\n<div class=\"wp-block-group alignfull has-accent-5-background-color has-background has-global-padding is-layout-constrained wp-container-core-group-is-layout-d89aad35 wp-block-group-is-layout-constrained\" style=\"margin-top:0;margin-bottom:0;padding-top:var(--wp--preset--spacing--50);padding-right:var(--wp--preset--spacing--50);padding-bottom:var(--wp--preset--spacing--50);padding-left:var(--wp--preset--spacing--50)\">\n<h2 class=\"wp-block-heading alignwide has-text-align-center has-accent-color has-text-color has-link-color wp-elements-685145f3710e7e70ea5d8c2ffe364ca3\" style=\"padding-top:0;padding-bottom:0;font-size:clamp(1.743rem, 1.743rem + ((1vw - 0.2rem) * 2.095), 3rem);\"><strong>Los textos<\/strong><\/h2>\n\n\n\n<div style=\"height:15px\" aria-hidden=\"true\" class=\"wp-block-spacer\"><\/div>\n\n\n\n<div class=\"wp-block-group alignwide is-layout-flow wp-block-group-is-layout-flow\">\n<p class=\"has-text-align-center has-body-font-family\">La narrativa contempor\u00e1nea en lengua alemana se ha convertido en un espacio privilegiado para observar c\u00f3mo la literatura reacciona ante los grandes retos de nuestro tiempo. El conjunto de obras con las que trabajamos en nuestro proyecto refleja vidas marcadas por la desigualdad, el desarraigo y la memoria traum\u00e1tica, pero tambi\u00e9n por la resistencia y la b\u00fasqueda de dignidad en contextos adversos. Las escritoras y los escritores interrogan las fracturas de nuestras sociedades y cuestionan, con diferentes recursos est\u00e9ticos, los discursos normalizados de exclusi\u00f3n y violencia. A trav\u00e9s de estas narrativas, investigamos c\u00f3mo la literatura crea un espacio de reflexi\u00f3n cr\u00edtica y contribuye a visibilizar la dimensi\u00f3n humana de la crisis social contempor\u00e1nea. Estas obras nos permiten poner en di\u00e1logo enfoques sobre la migraci\u00f3n, el g\u00e9nero, la memoria o la identidad. Aspiramos a mostrar c\u00f3mo la ficci\u00f3n literaria puede ayudarnos a comprender \u2013y tambi\u00e9n a transformar\u2013 los imaginarios que sustentan la desigualdad y la precariedad.<\/p>\n<\/div>\n\n\n\n<div style=\"height:22px\" aria-hidden=\"true\" class=\"wp-block-spacer\"><\/div>\n\n\n\n<p class=\"has-text-align-center has-accent-color has-text-color has-link-color wp-elements-8bd09eccd7406cab254354835c5ebc16\"><strong>\u00a1Haz click en la portada para saber m\u00e1s sobre cada obra!<\/strong><\/p>\n\n\n\n<div style=\"height:42px\" aria-hidden=\"true\" class=\"wp-block-spacer\"><\/div>\n\n\n\n<div class=\"wp-block-columns alignwide is-layout-flex wp-container-core-columns-is-layout-ff4b9c61 wp-block-columns-is-layout-flex\" style=\"margin-top:0;margin-bottom:0\">\n<div class=\"wp-block-column is-layout-flow wp-container-core-column-is-layout-8a368f38 wp-block-column-is-layout-flow\">\n<figure class=\"wp-block-image size-full is-style-rounded is-style-rounded--1\"><a href=\"https:\/\/esprelit.web.uah.es\/index.php\/hier-sind-lowen\/\"><img loading=\"lazy\" decoding=\"async\" width=\"658\" height=\"987\" src=\"https:\/\/esprelit.web.uah.es\/wp-content\/uploads\/2025\/10\/Hier-sind-Lowen-portada.jpg\" alt=\"\" class=\"wp-image-1343\" srcset=\"https:\/\/esprelit.web.uah.es\/wp-content\/uploads\/2025\/10\/Hier-sind-Lowen-portada.jpg 658w, https:\/\/esprelit.web.uah.es\/wp-content\/uploads\/2025\/10\/Hier-sind-Lowen-portada-200x300.jpg 200w\" sizes=\"auto, (max-width: 658px) 100vw, 658px\" \/><\/a><\/figure>\n\n\n\n<div style=\"height:var(--wp--preset--spacing--50)\" aria-hidden=\"true\" class=\"wp-block-spacer\"><\/div>\n\n\n\n<figure class=\"wp-block-image size-large is-style-rounded is-style-rounded--2\"><img loading=\"lazy\" decoding=\"async\" width=\"683\" height=\"1024\" src=\"https:\/\/esprelit.web.uah.es\/wp-content\/uploads\/2025\/10\/Baba-Dunjas-letzte-Liebe-portada-683x1024.jpg\" alt=\"\" class=\"wp-image-1348\" srcset=\"https:\/\/esprelit.web.uah.es\/wp-content\/uploads\/2025\/10\/Baba-Dunjas-letzte-Liebe-portada-683x1024.jpg 683w, https:\/\/esprelit.web.uah.es\/wp-content\/uploads\/2025\/10\/Baba-Dunjas-letzte-Liebe-portada-200x300.jpg 200w, https:\/\/esprelit.web.uah.es\/wp-content\/uploads\/2025\/10\/Baba-Dunjas-letzte-Liebe-portada-768x1152.jpg 768w, https:\/\/esprelit.web.uah.es\/wp-content\/uploads\/2025\/10\/Baba-Dunjas-letzte-Liebe-portada-1024x1536.jpg 1024w, https:\/\/esprelit.web.uah.es\/wp-content\/uploads\/2025\/10\/Baba-Dunjas-letzte-Liebe-portada-1365x2048.jpg 1365w, https:\/\/esprelit.web.uah.es\/wp-content\/uploads\/2025\/10\/Baba-Dunjas-letzte-Liebe-portada.jpg 1476w\" sizes=\"auto, (max-width: 683px) 100vw, 683px\" \/><\/figure>\n\n\n\n<div style=\"height:var(--wp--preset--spacing--50)\" aria-hidden=\"true\" class=\"wp-block-spacer\"><\/div>\n\n\n\n<figure class=\"wp-block-image size-full is-style-rounded is-style-rounded--3\"><img loading=\"lazy\" decoding=\"async\" width=\"610\" height=\"1000\" src=\"https:\/\/esprelit.web.uah.es\/wp-content\/uploads\/2025\/10\/Lichtungen-portada.jpg\" alt=\"\" class=\"wp-image-1354\" srcset=\"https:\/\/esprelit.web.uah.es\/wp-content\/uploads\/2025\/10\/Lichtungen-portada.jpg 610w, https:\/\/esprelit.web.uah.es\/wp-content\/uploads\/2025\/10\/Lichtungen-portada-183x300.jpg 183w\" sizes=\"auto, (max-width: 610px) 100vw, 610px\" \/><\/figure>\n\n\n\n<div style=\"height:var(--wp--preset--spacing--50)\" aria-hidden=\"true\" class=\"wp-block-spacer\"><\/div>\n<\/div>\n\n\n\n<div class=\"wp-block-column is-layout-flow wp-container-core-column-is-layout-8a368f38 wp-block-column-is-layout-flow\">\n<div style=\"height:var(--wp--preset--spacing--50)\" aria-hidden=\"true\" class=\"wp-block-spacer\"><\/div>\n\n\n\n<figure class=\"wp-block-image size-full is-style-rounded is-style-rounded--4\"><img loading=\"lazy\" decoding=\"async\" width=\"634\" height=\"951\" src=\"https:\/\/esprelit.web.uah.es\/wp-content\/uploads\/2025\/10\/Der-Hausmann-portada.jpg\" alt=\"\" class=\"wp-image-1349\" srcset=\"https:\/\/esprelit.web.uah.es\/wp-content\/uploads\/2025\/10\/Der-Hausmann-portada.jpg 634w, https:\/\/esprelit.web.uah.es\/wp-content\/uploads\/2025\/10\/Der-Hausmann-portada-200x300.jpg 200w\" sizes=\"auto, (max-width: 634px) 100vw, 634px\" \/><\/figure>\n\n\n\n<div style=\"height:var(--wp--preset--spacing--50)\" aria-hidden=\"true\" class=\"wp-block-spacer\"><\/div>\n\n\n\n<figure class=\"wp-block-image size-full is-style-rounded is-style-rounded--5\"><img loading=\"lazy\" decoding=\"async\" width=\"613\" height=\"920\" src=\"https:\/\/esprelit.web.uah.es\/wp-content\/uploads\/2025\/10\/In-einer-Nacht-woanders-portada.jpg\" alt=\"\" class=\"wp-image-1352\" srcset=\"https:\/\/esprelit.web.uah.es\/wp-content\/uploads\/2025\/10\/In-einer-Nacht-woanders-portada.jpg 613w, https:\/\/esprelit.web.uah.es\/wp-content\/uploads\/2025\/10\/In-einer-Nacht-woanders-portada-200x300.jpg 200w\" sizes=\"auto, (max-width: 613px) 100vw, 613px\" \/><\/figure>\n\n\n\n<div style=\"height:var(--wp--preset--spacing--50)\" aria-hidden=\"true\" class=\"wp-block-spacer\"><\/div>\n\n\n\n<figure class=\"wp-block-image size-full is-style-rounded is-style-rounded--6\"><a href=\"https:\/\/esprelit.web.uah.es\/index.php\/auser-sich\/\"><img loading=\"lazy\" decoding=\"async\" width=\"672\" height=\"1082\" src=\"https:\/\/esprelit.web.uah.es\/wp-content\/uploads\/2026\/01\/Salzmann-Marianna-ausser-sich-e1768219948349.jpg\" alt=\"\" class=\"wp-image-1697\"\/><\/a><\/figure>\n<\/div>\n\n\n\n<div class=\"wp-block-column is-layout-flow wp-container-core-column-is-layout-8a368f38 wp-block-column-is-layout-flow\">\n<figure class=\"wp-block-image size-full is-style-rounded is-style-rounded--7\"><a href=\"https:\/\/esprelit.web.uah.es\/index.php\/die-nicht-sterben\/\" target=\"_blank\" rel=\" noreferrer noopener\"><img decoding=\"async\" src=\"https:\/\/esprelit.web.uah.es\/wp-content\/uploads\/2025\/10\/Die-nicht-sterben-portada.jpg\" alt=\"\" class=\"wp-image-1350\"\/><\/a><\/figure>\n\n\n\n<div style=\"height:var(--wp--preset--spacing--50)\" aria-hidden=\"true\" class=\"wp-block-spacer\"><\/div>\n\n\n\n<figure class=\"wp-block-image size-full is-style-rounded is-style-rounded--8\"><img loading=\"lazy\" decoding=\"async\" width=\"1589\" height=\"2384\" src=\"https:\/\/esprelit.web.uah.es\/wp-content\/uploads\/2025\/10\/Jein-portada.jpg\" alt=\"\" class=\"wp-image-1353\" srcset=\"https:\/\/esprelit.web.uah.es\/wp-content\/uploads\/2025\/10\/Jein-portada.jpg 1589w, https:\/\/esprelit.web.uah.es\/wp-content\/uploads\/2025\/10\/Jein-portada-200x300.jpg 200w, https:\/\/esprelit.web.uah.es\/wp-content\/uploads\/2025\/10\/Jein-portada-683x1024.jpg 683w, https:\/\/esprelit.web.uah.es\/wp-content\/uploads\/2025\/10\/Jein-portada-768x1152.jpg 768w, https:\/\/esprelit.web.uah.es\/wp-content\/uploads\/2025\/10\/Jein-portada-1024x1536.jpg 1024w, https:\/\/esprelit.web.uah.es\/wp-content\/uploads\/2025\/10\/Jein-portada-1365x2048.jpg 1365w\" sizes=\"auto, (max-width: 1589px) 100vw, 1589px\" \/><\/figure>\n\n\n\n<div style=\"height:var(--wp--preset--spacing--50)\" aria-hidden=\"true\" class=\"wp-block-spacer\"><\/div>\n\n\n\n<figure class=\"wp-block-image size-full is-style-rounded is-style-rounded--9\"><a href=\"https:\/\/esprelit.web.uah.es\/index.php\/die-optimierer\/\"><img loading=\"lazy\" decoding=\"async\" width=\"672\" height=\"1000\" src=\"https:\/\/esprelit.web.uah.es\/wp-content\/uploads\/2025\/12\/Die_Optimierer.jpg\" alt=\"\" class=\"wp-image-1635\" srcset=\"https:\/\/esprelit.web.uah.es\/wp-content\/uploads\/2025\/12\/Die_Optimierer.jpg 672w, https:\/\/esprelit.web.uah.es\/wp-content\/uploads\/2025\/12\/Die_Optimierer-202x300.jpg 202w\" sizes=\"auto, (max-width: 672px) 100vw, 672px\" \/><\/a><\/figure>\n<\/div>\n\n\n\n<div class=\"wp-block-column is-layout-flow wp-container-core-column-is-layout-8a368f38 wp-block-column-is-layout-flow\">\n<div style=\"height:var(--wp--preset--spacing--50)\" aria-hidden=\"true\" class=\"wp-block-spacer\"><\/div>\n\n\n\n<figure class=\"wp-block-image size-full is-style-rounded is-style-rounded--10\"><img loading=\"lazy\" decoding=\"async\" width=\"667\" height=\"1000\" src=\"https:\/\/esprelit.web.uah.es\/wp-content\/uploads\/2025\/10\/Emmie-Arbel.-Die-Farbe-der-Erinnerung-portada.jpg\" alt=\"\" class=\"wp-image-1351\" srcset=\"https:\/\/esprelit.web.uah.es\/wp-content\/uploads\/2025\/10\/Emmie-Arbel.-Die-Farbe-der-Erinnerung-portada.jpg 667w, https:\/\/esprelit.web.uah.es\/wp-content\/uploads\/2025\/10\/Emmie-Arbel.-Die-Farbe-der-Erinnerung-portada-200x300.jpg 200w\" sizes=\"auto, (max-width: 667px) 100vw, 667px\" \/><\/figure>\n\n\n\n<div style=\"height:var(--wp--preset--spacing--50)\" aria-hidden=\"true\" class=\"wp-block-spacer\"><\/div>\n\n\n\n<figure class=\"wp-block-image size-full is-style-rounded is-style-rounded--11\"><a href=\"https:\/\/esprelit.web.uah.es\/index.php\/wie-der-soldat-das-grammofon-repariert\/\" target=\"_blank\" rel=\" noreferrer noopener\"><img loading=\"lazy\" decoding=\"async\" width=\"1606\" height=\"2409\" src=\"https:\/\/esprelit.web.uah.es\/wp-content\/uploads\/2025\/10\/Wie-der-Soldat-das-Grammofon-repariert-portada.jpg\" alt=\"\" class=\"wp-image-1355\" srcset=\"https:\/\/esprelit.web.uah.es\/wp-content\/uploads\/2025\/10\/Wie-der-Soldat-das-Grammofon-repariert-portada.jpg 1606w, https:\/\/esprelit.web.uah.es\/wp-content\/uploads\/2025\/10\/Wie-der-Soldat-das-Grammofon-repariert-portada-200x300.jpg 200w, https:\/\/esprelit.web.uah.es\/wp-content\/uploads\/2025\/10\/Wie-der-Soldat-das-Grammofon-repariert-portada-683x1024.jpg 683w, https:\/\/esprelit.web.uah.es\/wp-content\/uploads\/2025\/10\/Wie-der-Soldat-das-Grammofon-repariert-portada-768x1152.jpg 768w, https:\/\/esprelit.web.uah.es\/wp-content\/uploads\/2025\/10\/Wie-der-Soldat-das-Grammofon-repariert-portada-1024x1536.jpg 1024w, https:\/\/esprelit.web.uah.es\/wp-content\/uploads\/2025\/10\/Wie-der-Soldat-das-Grammofon-repariert-portada-1365x2048.jpg 1365w\" sizes=\"auto, (max-width: 1606px) 100vw, 1606px\" \/><\/a><\/figure>\n\n\n\n<div style=\"height:var(--wp--preset--spacing--50)\" aria-hidden=\"true\" class=\"wp-block-spacer\"><\/div>\n\n\n\n<figure class=\"wp-block-image size-full is-style-rounded is-style-rounded--12\"><a href=\"https:\/\/esprelit.web.uah.es\/index.php\/heute-ist-der-letzte-tag-vom-rest-meines-lebens\/\"><img loading=\"lazy\" decoding=\"async\" width=\"739\" height=\"1000\" src=\"https:\/\/esprelit.web.uah.es\/wp-content\/uploads\/2025\/06\/Lust_Heute-ist-der-letzte-tag-vom-rest-meines-lebens-1.jpg\" alt=\"\" class=\"wp-image-1691\" srcset=\"https:\/\/esprelit.web.uah.es\/wp-content\/uploads\/2025\/06\/Lust_Heute-ist-der-letzte-tag-vom-rest-meines-lebens-1.jpg 739w, https:\/\/esprelit.web.uah.es\/wp-content\/uploads\/2025\/06\/Lust_Heute-ist-der-letzte-tag-vom-rest-meines-lebens-1-222x300.jpg 222w\" sizes=\"auto, (max-width: 739px) 100vw, 739px\" \/><\/a><\/figure>\n\n\n\n<div style=\"height:var(--wp--preset--spacing--50)\" aria-hidden=\"true\" class=\"wp-block-spacer\"><\/div>\n<\/div>\n<\/div>\n<\/div>\n\n\n\n<div class=\"wp-block-group alignfull has-accent-5-background-color has-background has-global-padding is-layout-constrained wp-container-core-group-is-layout-b25ccd55 wp-block-group-is-layout-constrained\" style=\"margin-top:0;margin-bottom:0;padding-top:var(--wp--preset--spacing--50);padding-right:var(--wp--preset--spacing--50);padding-bottom:var(--wp--preset--spacing--50);padding-left:var(--wp--preset--spacing--50)\">\n<div style=\"height:38px\" aria-hidden=\"true\" class=\"wp-block-spacer\"><\/div>\n\n\n\n<hr class=\"wp-block-separator has-alpha-channel-opacity is-style-dots\"\/>\n<\/div>\n","protected":false},"excerpt":{"rendered":"<p>Los textos La narrativa contempor\u00e1nea en lengua alemana se ha convertido en un espacio privilegiado para observar c\u00f3mo la literatura reacciona ante los grandes retos de nuestro tiempo. El conjunto de obras con las que trabajamos en nuestro proyecto refleja vidas marcadas por la desigualdad, el desarraigo y la memoria traum\u00e1tica, pero tambi\u00e9n por la [&hellip;]<\/p>\n","protected":false},"author":1,"featured_media":0,"parent":0,"menu_order":0,"comment_status":"closed","ping_status":"closed","template":"page-no-title","meta":{"footnotes":""},"class_list":["post-183","page","type-page","status-publish","hentry"],"_links":{"self":[{"href":"https:\/\/esprelit.web.uah.es\/index.php\/wp-json\/wp\/v2\/pages\/183","targetHints":{"allow":["GET"]}}],"collection":[{"href":"https:\/\/esprelit.web.uah.es\/index.php\/wp-json\/wp\/v2\/pages"}],"about":[{"href":"https:\/\/esprelit.web.uah.es\/index.php\/wp-json\/wp\/v2\/types\/page"}],"author":[{"embeddable":true,"href":"https:\/\/esprelit.web.uah.es\/index.php\/wp-json\/wp\/v2\/users\/1"}],"replies":[{"embeddable":true,"href":"https:\/\/esprelit.web.uah.es\/index.php\/wp-json\/wp\/v2\/comments?post=183"}],"version-history":[{"count":62,"href":"https:\/\/esprelit.web.uah.es\/index.php\/wp-json\/wp\/v2\/pages\/183\/revisions"}],"predecessor-version":[{"id":1738,"href":"https:\/\/esprelit.web.uah.es\/index.php\/wp-json\/wp\/v2\/pages\/183\/revisions\/1738"}],"wp:attachment":[{"href":"https:\/\/esprelit.web.uah.es\/index.php\/wp-json\/wp\/v2\/media?parent=183"}],"curies":[{"name":"wp","href":"https:\/\/api.w.org\/{rel}","templated":true}]}}