{"id":1711,"date":"2026-01-12T14:03:52","date_gmt":"2026-01-12T13:03:52","guid":{"rendered":"https:\/\/esprelit.web.uah.es\/?page_id=1711"},"modified":"2026-04-15T11:58:28","modified_gmt":"2026-04-15T09:58:28","slug":"heute-ist-der-letzte-tag-vom-rest-meines-lebens","status":"publish","type":"page","link":"https:\/\/esprelit.web.uah.es\/index.php\/heute-ist-der-letzte-tag-vom-rest-meines-lebens\/","title":{"rendered":"Heute ist der letzte Tag vom Rest meines Lebens\u00a0"},"content":{"rendered":"\n<!-- Fuentes: Inter (general) + Cardo (t\u00edtulos) -->\n<link href=\"https:\/\/fonts.googleapis.com\/css2?family=Inter:wght@400;500;600&#038;family=Cardo:wght@700&#038;display=swap\" rel=\"stylesheet\">\n<style>\n  .ficha-obra {\n    background-color: #f2f2f2; \/* gris clarito *\/\n    border-radius: 12px;\n    padding: 24px;\n    color: #222;\n    font-family: \"Inter\", sans-serif; \/* fuente general *\/\n    max-width: 1100px !important;\n    margin: 0 auto;\n    display: grid;\n    grid-template-columns: 300px 1fr; \/* izquierda | derecha *\/\n    gap: 24px;\n  }\n  \/* Columna izquierda *\/\n  .ficha-col-izq {\n    display: flex;\n    flex-direction: column;\n    gap: 14px;\n    max-width: 300px; \/* A\u00d1ADIDO: fija el ancho real de la columna *\/\n  }\n\/* A\u00d1ADIDO: blindaje total de la imagen *\/ \n.ficha-col-izq img.ficha-portada { \n    display: block; \n    width: 100%; \n    max-width: 100%; \n    height: auto; \n    object-fit: contain; \n  }\n.ficha-portada {\n    border-radius: 10px;\n    box-shadow: 0 2px 10px rgba(0,0,0,0.15);\n  }\n.ficha-meta {\n    background: rgba(255,255,255,0.55); \n    border-radius: 10px; \n    padding: 12px 14px; \n    line-height: 1.5; \n    font-size: 0.97rem;\n  }\n .ficha-meta p {\n    margin: 6px 0;\n  }\n \/* Columna derecha *\/\n  .ficha-col-der {\n    display: flex;\n    flex-direction: column;\n    gap: 18px;\n  }\n \/* T\u00edtulo y autora *\/\n  .ficha-titular h2 {\n    margin: 0 0 6px 0;\n    font-size: 2rem;\n    font-weight: 700;\n    font-style: normal;\n    color: #851414;\n    font-family: \"Cardo\", serif;\n  }\n.ficha-titular h3 {\n    margin: 0;\n    font-size: 1.35rem;\n    font-weight: 700;\n    color: #851414;\n    font-family: \"Cardo\", serif;\n  }\n \/* Bloques informativos *\/\n  .ficha-bloque {\n    background: rgba(255,255,255,0.6);\n    border-radius: 10px;\n    padding: 16px 18px;\n  }\n.ficha-bloque h4 {\n    margin: 0 0 8px 0;\n    font-size: 1.1rem;\n    font-weight: 700;\n    font-family: \"Cardo\", serif;\n    color: #851414;\n  }\n .ficha-bloque p {\n    margin: 0 0 10px 0;\n    line-height: 1.6;\n    font-size: 0.97rem;\n  }\n \/* Responsive *\/\n  @media (max-width: 900px) {\n    .ficha-obra {\n      grid-template-columns: 1fr;\n    }\n    .ficha-col-izq {\n      max-width: 100%;\n    }\n    .ficha-titular h2 { font-size: 1.7rem; }\n    .ficha-titular h3 { font-size: 1.2rem; }\n  }\n  .ficha-bloque,\n  .ficha-bloque p {\n    font-style: normal;\n}\n<\/style>\n<div class=\"ficha-obra\">\n  <!-- COLUMNA IZQUIERDA -->\n  <div class=\"ficha-col-izq\">\n    <img decoding=\"async\"\n      class=\"ficha-portada\"\n      src=\"https:\/\/esprelit.web.uah.es\/wp-content\/uploads\/2025\/06\/Lust_Heute-ist-der-letzte-tag-vom-rest-meines-lebens-1.jpg\" \n      alt=\"Portada de Heute ist der letzte Tag vom Rest meines Lebens\"\n      loading=\"lazy\"\n    >\n    <div class=\"ficha-meta\">\n       <p><strong>A\u00f1o de publicaci\u00f3n:<\/strong> 2017<\/p>\n       <p><strong>Editorial:<\/strong> Suhrkamp<\/p>\n       <p><strong>Traducciones:<\/strong> Algunas traducciones: espa\u00f1ol (<em>Hoy es el \u00faltimo d\u00eda del resto de mi vida<\/em>, por Lola P\u00e9rez Pablos, Garbuix, 2011), franc\u00e9s (<em>Trop n\u2019est pas assez<\/em>, por J\u00f6rg Stickam,  \u00c7\u00e0 et l\u00e0, 2010);  ingl\u00e9s (<em>Today is the Last Day of the Rest of Your Life<\/em>, por Kim Thomson, Fantagraphics, 2013).<\/p>\n    <\/div>\n  <\/div>\n  <!-- COLUMNA DERECHA -->\n  <div class=\"ficha-col-der\">\n    <div class=\"ficha-titular\">\n      <h2><em>Heute ist der letzte Tag vom Rest meines Lebens<\/em><\/h2>\n      <h3>Ulli Lust<\/h3>\n    <\/div>\n    <!-- Bloque: Sobre la autora -->\n    <div class=\"ficha-bloque\">\n      <h4>Sobre la autora<\/h4>\n      <p>Ulli Lust (Viena, 1967) es una historietista y artista visual. Desde la d\u00e9cada de los a\u00f1os noventa desarrolla una obra que combina reportaje gr\u00e1fico, autobiograf\u00eda y exploraci\u00f3n social, desde una perspectiva de cr\u00edtica social y feminista.<\/p>\n<p>Ha realizado c\u00f3mics de investigaci\u00f3n period\u00edstica y proyectos colectivos, en el marco del grupo <em>Monogatari<\/em>. En 2005 fund\u00f3 el sello digital electrocomics, que difunde c\u00f3mics de autores independientes internacionales.<\/p>\n<p>Su reconocimiento internacional lleg\u00f3 con la novela gr\u00e1fica autobiogr\u00e1fica <em>Heute ist der letzte Tag vom Rest meines Lebens<\/em> (2009), considerada una obra clave del c\u00f3mic europeo contempor\u00e1neo y galardonada con numerosos premios: <strong>(Max-und-Moritz- Preis, Prix R\u00e9v\u00e9lation de Angulema y Los Angeles Times Book Award).<\/strong><\/p>\n<p>Ha publicado tambi\u00e9n <em>Flughunde<\/em> (2013), adaptaci\u00f3n del texto de Marcel Beyer, <em>Wie ich versuchte, ein guter Mensch zu sein<\/em> (2017), donde aborda las relaciones, la libertad sexual y los l\u00edmites del deseo, y, en 2025 recibi\u00f3 el <strong>Deutscher Sachbuchpreis<\/strong>, por su obra <em>Die Frau als Mensch. Am Anfang der Geschichte.<\/em><\/p>  \n    <\/div>\n    <!-- Bloque: Sobre la novela -->\n    <div class=\"ficha-bloque\">\n      <h4>Sobre la novela<\/h4>\n      <p>Heute ist der letzte Tag vom Rest meines Lebens narra el viaje inici\u00e1tico de la joven Ulli, que en 1984, a los diecisiete a\u00f1os, decide recorrer Italia junto a su amiga Edi. Sin dinero ni documentos, movidas por el deseo de libertad y la curiosidad, ambas se lanzan a la aventura con una mezcla de ingenuidad y de rebeld\u00eda punk<\/p>\n<p>Sin embargo, Italia no solo es la cuna de la cultura cl\u00e1sica y el sentir mediterr\u00e1neo: el recorrido que las lleva de los Alpes a Palermo se convierte pronto en una experiencia de supervivencia: encuentros fortuitos, violencia, drogas y la confrontaci\u00f3n con la vulnerabilidad del propio cuerpo.<\/p>\n    <\/div>\n  <\/div>\n<\/div>\n\n\n\n<div class=\"wp-block-group alignwide is-layout-flow wp-block-group-is-layout-flow\">\n<h3 class=\"wp-block-heading has-text-align-center\">Relaci\u00f3n con EsPreLit<\/h3>\n\n\n\n<p class=\"desplazar-texto\"><em>Heute\u00a0ist\u00a0der\u00a0letzte\u00a0Tag\u00a0vom\u00a0Rest\u00a0meines\u00a0Lebens<\/em>\u00a0consigue trasladar, con im\u00e1genes de gran intensidad y trazo irregular, la historia de esta joven,\u00a0que\u00a0movida por su deseo de experimentar,\u00a0encuentra\u00a0en su viaje\u00a0la crudeza material de la vida: el hambre, la soledad, el fr\u00edo y,\u00a0sobre todo,\u00a0la violencia\u00a0que los hombres ejercen sobre la mujer en el\u00a0sur de Italia.<\/p>\n\n\n\n<p class=\"desplazar-texto\">Se trata de un relato\u00a0de supervivencia\u00a0en el que la b\u00fasqueda de un lugar para dormir, para comer, para sentirse segura se convierte en motor de su movimiento:\u00a0Ulli\u00a0camina sin cesar, por la ciudad, de d\u00eda, de noche, no permanece en un sitio, recorre Italia en tren, sin pasaporte, utilizando artima\u00f1as para continuar su traves\u00eda y baja hasta el mism\u00edsimo infierno, al inframundo, en Sicilia.\u00a0<\/p>\n\n\n\n<hr class=\"wp-block-separator has-alpha-channel-opacity is-style-dots\"\/>\n\n\n\n<h3 class=\"wp-block-heading has-text-align-center\">Bibliograf\u00eda secundaria<\/h3>\n\n\n\n<p class=\"desplazar-texto\">Sterling, B. E. (2022). The&nbsp;Intersection&nbsp;of&nbsp;Race, Gender, and Trauma in Ulli&nbsp;Lust\u2019s&nbsp;<em>Wie ich versuchte, ein guter Mensch zu sein.<\/em>\u202f<em>Journal&nbsp;of&nbsp;Austrian&nbsp;Studies<\/em>,\u202f<em>55<\/em>(2), 65\u201399.&nbsp;<a href=\"https:\/\/doi.org\/10.1353\/oas.2022.0025\" target=\"_blank\" rel=\"noreferrer noopener\">https:\/\/doi.org\/10.1353\/oas.2022.0025<\/a>&nbsp;<\/p>\n\n\n\n<p class=\"desplazar-texto\">Giovanni&nbsp;Remonato. (2014). Trauma e fumetto: il viaggio in Italia di Ulli Lust.\u202f<em>Lea (Firenze)<\/em>,\u202f<em>2<\/em>.&nbsp;<a href=\"https:\/\/doi.org\/10.13128\/LEA-1824-484x-13829\" target=\"_blank\" rel=\"noreferrer noopener\">https:\/\/doi.org\/10.13128\/LEA-1824-484x-13829<\/a>&nbsp;<\/p>\n\n\n\n<p class=\"desplazar-texto\">Vuorinne, Anna (2021).&nbsp;For sex-positivity?:&nbsp;Potential and limits of&nbsp;representing&nbsp;sex and sexuality in Ulli Lust&#8217;s comics across genres. En:&nbsp;Beers&nbsp;F\u00e4gersten, K. (2021).\u202f<em>Comic art and feminism in the Baltic Sea&nbsp;region\u202f:&nbsp;transnational perspectives<\/em>.&nbsp;Routledge, Taylor &amp; Francis&nbsp;Group.&nbsp;<\/p>\n<\/div>\n\n\n\n<hr class=\"wp-block-separator has-alpha-channel-opacity is-style-dots\"\/>\n","protected":false},"excerpt":{"rendered":"<p>A\u00f1o de publicaci\u00f3n: 2017 Editorial: Suhrkamp Traducciones: Algunas traducciones: espa\u00f1ol (Hoy es el \u00faltimo d\u00eda del resto de mi vida, por Lola P\u00e9rez Pablos, Garbuix, 2011), franc\u00e9s (Trop n\u2019est pas assez, por J\u00f6rg Stickam, \u00c7\u00e0 et l\u00e0, 2010); ingl\u00e9s (Today is the Last Day of the Rest of Your Life, por Kim Thomson, Fantagraphics, 2013). [&hellip;]<\/p>\n","protected":false},"author":2,"featured_media":0,"parent":0,"menu_order":0,"comment_status":"closed","ping_status":"closed","template":"","meta":{"footnotes":""},"class_list":["post-1711","page","type-page","status-publish","hentry"],"_links":{"self":[{"href":"https:\/\/esprelit.web.uah.es\/index.php\/wp-json\/wp\/v2\/pages\/1711","targetHints":{"allow":["GET"]}}],"collection":[{"href":"https:\/\/esprelit.web.uah.es\/index.php\/wp-json\/wp\/v2\/pages"}],"about":[{"href":"https:\/\/esprelit.web.uah.es\/index.php\/wp-json\/wp\/v2\/types\/page"}],"author":[{"embeddable":true,"href":"https:\/\/esprelit.web.uah.es\/index.php\/wp-json\/wp\/v2\/users\/2"}],"replies":[{"embeddable":true,"href":"https:\/\/esprelit.web.uah.es\/index.php\/wp-json\/wp\/v2\/comments?post=1711"}],"version-history":[{"count":11,"href":"https:\/\/esprelit.web.uah.es\/index.php\/wp-json\/wp\/v2\/pages\/1711\/revisions"}],"predecessor-version":[{"id":2332,"href":"https:\/\/esprelit.web.uah.es\/index.php\/wp-json\/wp\/v2\/pages\/1711\/revisions\/2332"}],"wp:attachment":[{"href":"https:\/\/esprelit.web.uah.es\/index.php\/wp-json\/wp\/v2\/media?parent=1711"}],"curies":[{"name":"wp","href":"https:\/\/api.w.org\/{rel}","templated":true}]}}